{"id":20,"date":"2021-04-26T19:43:50","date_gmt":"2021-04-26T17:43:50","guid":{"rendered":"https:\/\/ramesch-daha.com\/?page_id=20"},"modified":"2021-08-10T16:07:07","modified_gmt":"2021-08-10T14:07:07","slug":"impressum","status":"publish","type":"page","link":"https:\/\/ramesch-daha.com\/?page_id=20","title":{"rendered":"Impressum"},"content":{"rendered":"\n<div style=\"height:100px\" aria-hidden=\"true\" class=\"wp-block-spacer\"><\/div>\n\n\n\n<p>Angaben gem\u00e4\u00df \u00a7 5 E-Commerce-Gesetz und Offenlegungspflicht gem\u00e4\u00df \u00a7 25 Medien-Gesetz:<\/p>\n\n\n\n<p>Ramesch Daha<\/p>\n\n\n\n<p>Grundlegende Richtung:<br>Informationen zu Arbeiten von Ramesch Daha.<\/p>\n\n\n\n<p>Disclaimer:<br>Ramesch Daha \u00fcbernimmt keine Haftung f\u00fcr wie auch immer geartete Sch\u00e4den, die sich aus der Verwendung der zur Verf\u00fcgung gestellten Informationen ergeben k\u00f6nnten.<br>Externe Links sind als solche im Titel gekennzeichnet. F\u00fcr die verlinkten Inhalte sind ausschlie\u00dflich die Betreiber der betreffenden Seiten verantwortlich.<\/p>\n\n\n\n<p>Webdesign und Programmierung:<br>Vincent Entekhabi &amp; Christoph Noitzm\u00fcller<\/p>\n\n\n\n<div style=\"height:125px\" aria-hidden=\"true\" class=\"wp-block-spacer\"><\/div>\n","protected":false},"excerpt":{"rendered":"<p>Angaben gem\u00e4\u00df \u00a7 5 E-Commerce-Gesetz und Offenlegungspflicht gem\u00e4\u00df \u00a7 25 Medien-Gesetz: Ramesch Daha Grundlegende Richtung:Informationen zu Arbeiten von Ramesch Daha. Disclaimer:Ramesch Daha \u00fcbernimmt keine Haftung f\u00fcr wie auch immer geartete Sch\u00e4den, die sich aus der Verwendung der zur Verf\u00fcgung gestellten Informationen ergeben k\u00f6nnten.Externe Links sind als solche im Titel gekennzeichnet. F\u00fcr die verlinkten Inhalte sind&hellip; <a class=\"more-link\" href=\"https:\/\/ramesch-daha.com\/?page_id=20\"><span class=\"screen-reader-text\">Impressum<\/span> weiterlesen<\/a><\/p>\n","protected":false},"author":1,"featured_media":0,"parent":0,"menu_order":0,"comment_status":"closed","ping_status":"closed","template":"","meta":{"footnotes":""},"class_list":["post-20","page","type-page","status-publish","hentry","entry"],"_links":{"self":[{"href":"https:\/\/ramesch-daha.com\/index.php?rest_route=\/wp\/v2\/pages\/20","targetHints":{"allow":["GET"]}}],"collection":[{"href":"https:\/\/ramesch-daha.com\/index.php?rest_route=\/wp\/v2\/pages"}],"about":[{"href":"https:\/\/ramesch-daha.com\/index.php?rest_route=\/wp\/v2\/types\/page"}],"author":[{"embeddable":true,"href":"https:\/\/ramesch-daha.com\/index.php?rest_route=\/wp\/v2\/users\/1"}],"replies":[{"embeddable":true,"href":"https:\/\/ramesch-daha.com\/index.php?rest_route=%2Fwp%2Fv2%2Fcomments&post=20"}],"version-history":[{"count":8,"href":"https:\/\/ramesch-daha.com\/index.php?rest_route=\/wp\/v2\/pages\/20\/revisions"}],"predecessor-version":[{"id":1045,"href":"https:\/\/ramesch-daha.com\/index.php?rest_route=\/wp\/v2\/pages\/20\/revisions\/1045"}],"wp:attachment":[{"href":"https:\/\/ramesch-daha.com\/index.php?rest_route=%2Fwp%2Fv2%2Fmedia&parent=20"}],"curies":[{"name":"wp","href":"https:\/\/api.w.org\/{rel}","templated":true}]}}